{"id":33047,"date":"2024-09-23T09:17:05","date_gmt":"2024-09-23T09:17:05","guid":{"rendered":"https:\/\/www.les-sablons.com\/les-mobilhomes\/"},"modified":"2025-02-21T13:41:26","modified_gmt":"2025-02-21T13:41:26","slug":"les-mobilhomes","status":"publish","type":"page","link":"https:\/\/www.les-sablons.com\/nl\/les-mobilhomes\/","title":{"rendered":"2024 Les mobilhomes Luxes"},"content":{"rendered":"<p>[et_pb_section fb_built=&#8221;1&#8243; fullwidth=&#8221;on&#8221; module_class=&#8221;home_top24&#8243; _builder_version=&#8221;4.9.4&#8243; _module_preset=&#8221;default&#8221; background_color=&#8221;RGBA(0,0,0,0)&#8221; background_image=&#8221;https:\/\/www.les-sablons.com\/wp-content\/uploads\/2024\/09\/les-mobilhomes-luxes-les-sablons.jpg&#8221; width_tablet=&#8221;&#8221; width_phone=&#8221;&#8221; width_last_edited=&#8221;on|phone&#8221; locked=&#8221;off&#8221;][et_pb_fullwidth_header title=&#8221;LUXE STACARAVANS&#8221; subhead=&#8221;Tussen ontspanning en ontsnapping, geniet van eersteklas services en een unieke sfeer voor een vakantie op maat !&#8221; module_class=&#8221;ls_24_entete&#8221; _builder_version=&#8221;4.9.4&#8243; _module_preset=&#8221;default&#8221; background_enable_color=&#8221;off&#8221;][\/et_pb_fullwidth_header][\/et_pb_section][et_pb_section fb_built=&#8221;1&#8243; module_class=&#8221;bleu_medi24&#8243; _builder_version=&#8221;4.9.4&#8243; _module_preset=&#8221;default&#8221; background_color=&#8221;#f7f2ec&#8221; locked=&#8221;off&#8221;][et_pb_row _builder_version=&#8221;4.9.4&#8243; _module_preset=&#8221;default&#8221; max_width=&#8221;1200px&#8221;][et_pb_column type=&#8221;4_4&#8243; _builder_version=&#8221;4.9.4&#8243; _module_preset=&#8221;default&#8221;][et_pb_text disabled_on=&#8221;off|off|off&#8221; admin_label=&#8221;S\u00c9JOURS D&#8217;EXCEPTION&#8221; _builder_version=&#8221;4.9.4&#8243; _module_preset=&#8221;default&#8221; header_3_text_color=&#8221;#3796aa&#8221; text_orientation=&#8221;center&#8221; custom_padding=&#8221;||15px||false|false&#8221; border_style_all=&#8221;none&#8221; border_width_bottom=&#8221;2px&#8221; border_color_bottom=&#8221;#3796aa&#8221;]<\/p>\n<h2>UITZONDERLIJKE VERBLIJVEN<\/h2>\n<p style=\"text-align: center;\">Ontdek onze luxe stacaravans, gelegen in autovrije en groene wijken waar natuur en sereniteit perfect samengaan. Of u nu kiest voor de Casa-, Keywest- of Taos-modellen, elke accommodatie biedt gepersonaliseerde indelingen, van studio&#8217;s tot 3-slaapkameropties, om aan al uw wensen te voldoen.<\/p>\n<p>[\/et_pb_text][\/et_pb_column][\/et_pb_row][\/et_pb_section][et_pb_section fb_built=&#8221;1&#8243; custom_padding_last_edited=&#8221;on|phone&#8221; _builder_version=&#8221;4.9.4&#8243; _module_preset=&#8221;default&#8221; custom_padding_tablet=&#8221;&#8221; custom_padding_phone=&#8221;0px||0px||false|false&#8221;][et_pb_row column_structure=&#8221;1_3,1_3,1_3&#8243; _builder_version=&#8221;4.9.4&#8243; _module_preset=&#8221;default&#8221; max_width=&#8221;1200px&#8221;][et_pb_column type=&#8221;1_3&#8243; module_class=&#8221;ls_3_blocs&#8221; _builder_version=&#8221;4.9.4&#8243; _module_preset=&#8221;default&#8221;][et_pb_image src=&#8221;https:\/\/www.les-sablons.com\/wp-content\/uploads\/2024\/09\/2025-HEBERGEMENT-taos-deskop-2.jpg&#8221; title_text=&#8221;2025-HEBERGEMENT-taos-deskop-2&#8243; url=&#8221;@ET-DC@eyJkeW5hbWljIjp0cnVlLCJjb250ZW50IjoicG9zdF9saW5rX3VybF9wYWdlIiwic2V0dGluZ3MiOnsicG9zdF9pZCI6IjMyNTQwIn19@&#8221; _builder_version=&#8221;4.9.4&#8243; _dynamic_attributes=&#8221;url&#8221; _module_preset=&#8221;default&#8221;][\/et_pb_image][et_pb_text admin_label=&#8221;MOBILHOME TAOS&#8221; _builder_version=&#8221;4.9.4&#8243; _module_preset=&#8221;default&#8221;]<\/p>\n<h3>STACARAVAN TAOS<\/h3>\n<p>4 wijken om uit te kiezen<\/p>\n<p>[\/et_pb_text][et_pb_button button_url=&#8221;@ET-DC@eyJkeW5hbWljIjp0cnVlLCJjb250ZW50IjoicG9zdF9saW5rX3VybF9wYWdlIiwic2V0dGluZ3MiOnsicG9zdF9pZCI6IjMyNTQwIn19@&#8221; button_text=&#8221; &#8221; _builder_version=&#8221;4.9.4&#8243; _dynamic_attributes=&#8221;button_url&#8221; _module_preset=&#8221;default&#8221; custom_button=&#8221;on&#8221; button_icon=&#8221;%%20%%&#8221; button_icon_color=&#8221;#FFFFFF&#8221;][\/et_pb_button][\/et_pb_column][et_pb_column type=&#8221;1_3&#8243; module_class=&#8221;ls_3_blocs&#8221; _builder_version=&#8221;4.9.4&#8243; _module_preset=&#8221;default&#8221;][et_pb_image src=&#8221;https:\/\/www.les-sablons.com\/wp-content\/uploads\/2024\/09\/2025-HEBERGEMENT-casa-deskop.jpg&#8221; title_text=&#8221;2025-HEBERGEMENT-casa-deskop&#8221; url=&#8221;@ET-DC@eyJkeW5hbWljIjp0cnVlLCJjb250ZW50IjoicG9zdF9saW5rX3VybF9wYWdlIiwic2V0dGluZ3MiOnsicG9zdF9pZCI6IjMyMzc4In19@&#8221; _builder_version=&#8221;4.9.4&#8243; _dynamic_attributes=&#8221;url&#8221; _module_preset=&#8221;default&#8221;][\/et_pb_image][et_pb_text admin_label=&#8221;MOBILHOME CASA&#8221; _builder_version=&#8221;4.9.4&#8243; _module_preset=&#8221;default&#8221;]<\/p>\n<h3>STACARAVAN CASA<\/h3>\n<p>Wijk CARIGNAN<\/p>\n<p>[\/et_pb_text][et_pb_button button_url=&#8221;@ET-DC@eyJkeW5hbWljIjp0cnVlLCJjb250ZW50IjoicG9zdF9saW5rX3VybF9wYWdlIiwic2V0dGluZ3MiOnsicG9zdF9pZCI6IjMyMzc4In19@&#8221; button_text=&#8221; &#8221; _builder_version=&#8221;4.9.4&#8243; _dynamic_attributes=&#8221;button_url&#8221; _module_preset=&#8221;default&#8221; custom_button=&#8221;on&#8221; button_icon=&#8221;%%20%%&#8221; button_icon_color=&#8221;#FFFFFF&#8221;][\/et_pb_button][\/et_pb_column][et_pb_column type=&#8221;1_3&#8243; module_class=&#8221;ls_3_blocs&#8221; _builder_version=&#8221;4.9.4&#8243; _module_preset=&#8221;default&#8221;][et_pb_image src=&#8221;https:\/\/www.les-sablons.com\/wp-content\/uploads\/2024\/09\/2025-HEBERGEMENT-keywest-deskop.jpg&#8221; title_text=&#8221;2025-HEBERGEMENT-keywest-deskop&#8221; url=&#8221;@ET-DC@eyJkeW5hbWljIjp0cnVlLCJjb250ZW50IjoicG9zdF9saW5rX3VybF9wYWdlIiwic2V0dGluZ3MiOnsicG9zdF9pZCI6IjMyODEwIn19@&#8221; _builder_version=&#8221;4.9.4&#8243; _dynamic_attributes=&#8221;url&#8221; _module_preset=&#8221;default&#8221;][\/et_pb_image][et_pb_text admin_label=&#8221;MOBILHOME KEYWEST&#8221; _builder_version=&#8221;4.9.4&#8243; _module_preset=&#8221;default&#8221;]<\/p>\n<h3>STACARAVAN KEYWEST<\/h3>\n<p>Wijk MUSCAT<\/p>\n<p>[\/et_pb_text][et_pb_button button_url=&#8221;@ET-DC@eyJkeW5hbWljIjp0cnVlLCJjb250ZW50IjoicG9zdF9saW5rX3VybF9wYWdlIiwic2V0dGluZ3MiOnsicG9zdF9pZCI6IjMyODEwIn19@&#8221; button_text=&#8221; &#8221; _builder_version=&#8221;4.9.4&#8243; _dynamic_attributes=&#8221;button_url&#8221; _module_preset=&#8221;default&#8221; custom_button=&#8221;on&#8221; button_icon=&#8221;%%20%%&#8221; button_icon_color=&#8221;#FFFFFF&#8221;][\/et_pb_button][\/et_pb_column][\/et_pb_row][\/et_pb_section][et_pb_section fb_built=&#8221;1&#8243; _builder_version=&#8221;4.9.4&#8243; _module_preset=&#8221;default&#8221; custom_padding=&#8221;0px||||false|false&#8221;][et_pb_row _builder_version=&#8221;4.9.4&#8243; _module_preset=&#8221;default&#8221; max_width=&#8221;1200px&#8221;][et_pb_column type=&#8221;4_4&#8243; _builder_version=&#8221;4.9.4&#8243; _module_preset=&#8221;default&#8221;][et_pb_button button_url=&#8221;@ET-DC@eyJkeW5hbWljIjp0cnVlLCJjb250ZW50IjoicG9zdF9saW5rX3VybF9wYWdlIiwic2V0dGluZ3MiOnsicG9zdF9pZCI6IjMyNjI3In19@&#8221; button_text=&#8221;Bekijk alle beschikbaarheid&#8221; admin_label=&#8221;Voir toutes les disponibilit\u00e9s&#8221; module_class=&#8221;ls_24_btn&#8221; _builder_version=&#8221;4.9.4&#8243; _dynamic_attributes=&#8221;button_url&#8221; _module_preset=&#8221;default&#8221; custom_button=&#8221;on&#8221; button_bg_color=&#8221;#3796aa&#8221; button_icon=&#8221;%%20%%&#8221; button_icon_color=&#8221;#FFFFFF&#8221; background_layout=&#8221;dark&#8221;][\/et_pb_button][et_pb_text admin_label=&#8221;Pour l\u2019ensemble de ces mobilhomes luxes les prestations suivantes sont incluses : m\u00e9nage de d\u00e9part, draps de lit, linge de toilette et lits faits \u00e0 l\u2019arriv\u00e9e.&#8221; module_class=&#8221;ls_bloc_green_border&#8221; _builder_version=&#8221;4.9.4&#8243; _module_preset=&#8221;default&#8221; text_text_color=&#8221;#3796aa&#8221; text_orientation=&#8221;center&#8221; background_layout=&#8221;dark&#8221; border_width_all=&#8221;1px&#8221; border_color_all=&#8221;#3796aa&#8221;]<\/p>\n<p>Voor al deze luxe stacaravans zijn de volgende diensten inbegrepen: eindschoonmaak, beddengoed, handdoeken en opgemaakte bedden bij aankomst.<\/p>\n<p>[\/et_pb_text][\/et_pb_column][\/et_pb_row][\/et_pb_section][et_pb_section fb_built=&#8221;1&#8243; _builder_version=&#8221;4.9.4&#8243; _module_preset=&#8221;default&#8221; background_color=&#8221;#f7f2ec&#8221; custom_padding=&#8221;||||false|false&#8221; locked=&#8221;off&#8221;][et_pb_row _builder_version=&#8221;4.9.4&#8243; _module_preset=&#8221;default&#8221; max_width=&#8221;1200px&#8221;][et_pb_column type=&#8221;4_4&#8243; _builder_version=&#8221;4.9.4&#8243; _module_preset=&#8221;default&#8221;][et_pb_text disabled_on=&#8221;off|off|off&#8221; admin_label=&#8221;TROUVER VOTRE LOGEMENT SUR LA CARTE&#8221; module_class=&#8221;ls_24_title_carte&#8221; _builder_version=&#8221;4.9.4&#8243; _module_preset=&#8221;default&#8221; header_3_text_color=&#8221;#3796aa&#8221; text_orientation=&#8221;center&#8221; custom_padding=&#8221;||15px||false|false&#8221; border_style_all=&#8221;none&#8221; border_width_bottom=&#8221;2px&#8221; border_color_bottom=&#8221;#3796aa&#8221;]<\/p>\n<h2>VIND UW ACCOMMODATIE OP DE KAART<\/h2>\n<p>[\/et_pb_text][et_pb_image src=&#8221;https:\/\/www.les-sablons.com\/wp-content\/uploads\/2025\/02\/\u00a9Sablons2025_Plan_MHLUXE.png&#8221; title_text=&#8221;\u00a9Sablons2025_Plan_MHLUXE&#8221; show_in_lightbox=&#8221;on&#8221; module_class=&#8221;ls_24_carte_interactive&#8221; _builder_version=&#8221;4.9.4&#8243; _module_preset=&#8221;default&#8221; hover_enabled=&#8221;0&#8243; locked=&#8221;off&#8221; sticky_enabled=&#8221;0&#8243;][\/et_pb_image][\/et_pb_column][\/et_pb_row][\/et_pb_section][et_pb_section fb_built=&#8221;1&#8243; module_class=&#8221;vacance_reve24&#8243; _builder_version=&#8221;4.9.4&#8243; _module_preset=&#8221;default&#8221; background_color=&#8221;#f7f2ec&#8221; locked=&#8221;off&#8221;][et_pb_row _builder_version=&#8221;4.9.4&#8243; _module_preset=&#8221;default&#8221; max_width=&#8221;1200px&#8221;][et_pb_column type=&#8221;4_4&#8243; _builder_version=&#8221;4.9.4&#8243; _module_preset=&#8221;default&#8221;][et_pb_image src=&#8221;https:\/\/www.les-sablons.com\/wp-content\/uploads\/2024\/09\/une-atmosphere-pour-chaque-envie-les-sablons.jpg&#8221; title_text=&#8221;une-atmosphere-pour-chaque-envie-les-sablons&#8221; _builder_version=&#8221;4.9.4&#8243; _module_preset=&#8221;default&#8221;][\/et_pb_image][\/et_pb_column][\/et_pb_row][et_pb_row _builder_version=&#8221;4.9.4&#8243; _module_preset=&#8221;default&#8221; max_width=&#8221;1200px&#8221;][et_pb_column type=&#8221;4_4&#8243; _builder_version=&#8221;4.9.4&#8243; _module_preset=&#8221;default&#8221;][et_pb_text disabled_on=&#8221;off|off|off&#8221; admin_label=&#8221;Une atmosph\u00e8re pour chaque envie&#8221; module_class=&#8221;bloc_vacance24&#8243; _builder_version=&#8221;4.9.4&#8243; _module_preset=&#8221;default&#8221; header_3_text_color=&#8221;#3796aa&#8221; text_orientation=&#8221;center&#8221; custom_padding=&#8221;||15px||false|false&#8221; border_style_all=&#8221;none&#8221; border_width_bottom=&#8221;2px&#8221; border_color_bottom=&#8221;#3796aa&#8221;]<\/p>\n<h2>EEN SFEER VOOR ELKE WENS<\/h2>\n<p style=\"text-align: center;\">Laat u verleiden door unieke sferen die met de seizoenen en uw wensen meegaan ! Sereniteit in een zen-tuin, een maritieme sfeer of een strandgevoel\u2014elke ervaring nodigt u uit tot ontspanning !<\/p>\n<p>[\/et_pb_text][\/et_pb_column][\/et_pb_row][\/et_pb_section][et_pb_section fb_built=&#8221;1&#8243; fullwidth=&#8221;on&#8221; module_class=&#8221;ls_bottom_banner&#8221; _builder_version=&#8221;4.9.4&#8243; _module_preset=&#8221;default&#8221; background_color=&#8221;RGBA(0,0,0,0)&#8221; background_image=&#8221;https:\/\/www.les-sablons.com\/wp-content\/uploads\/2024\/09\/tous-les-hebergements-les-sablons.jpg&#8221; locked=&#8221;off&#8221;][et_pb_fullwidth_header title=&#8221;ALLE ACCOMMODATIES&#8221; button_one_text=&#8221;Terug naar accommodaties&#8221; button_one_url=&#8221;@ET-DC@eyJkeW5hbWljIjp0cnVlLCJjb250ZW50IjoicG9zdF9saW5rX3VybF9wYWdlIiwic2V0dGluZ3MiOnsicG9zdF9pZCI6IjI3MDUxIn19@&#8221; _builder_version=&#8221;4.9.4&#8243; _dynamic_attributes=&#8221;button_one_url&#8221; _module_preset=&#8221;default&#8221; background_enable_color=&#8221;off&#8221;][\/et_pb_fullwidth_header][\/et_pb_section]<\/p>\n","protected":false},"excerpt":{"rendered":"<p>[et_pb_section fb_built=&#8221;1&#8243; fullwidth=&#8221;on&#8221; module_class=&#8221;home_top24&#8243; _builder_version=&#8221;4.9.4&#8243; _module_preset=&#8221;default&#8221; background_color=&#8221;RGBA(0,0,0,0)&#8221; background_image=&#8221;https:\/\/www.les-sablons.com\/wp-content\/uploads\/2024\/09\/les-mobilhomes-luxes-les-sablons.jpg&#8221; width_tablet=&#8221;&#8221; width_phone=&#8221;&#8221; width_last_edited=&#8221;on|phone&#8221; locked=&#8221;off&#8221;][et_pb_fullwidth_header title=&#8221;LUXE STACARAVANS&#8221; subhead=&#8221;Tussen ontspanning en ontsnapping, geniet van eersteklas services en een unieke sfeer voor een vakantie op maat !&#8221; module_class=&#8221;ls_24_entete&#8221; _builder_version=&#8221;4.9.4&#8243; _module_preset=&#8221;default&#8221; background_enable_color=&#8221;off&#8221;][\/et_pb_fullwidth_header][\/et_pb_section][et_pb_section fb_built=&#8221;1&#8243; module_class=&#8221;bleu_medi24&#8243; _builder_version=&#8221;4.9.4&#8243; _module_preset=&#8221;default&#8221; background_color=&#8221;#f7f2ec&#8221; locked=&#8221;off&#8221;][et_pb_row _builder_version=&#8221;4.9.4&#8243; _module_preset=&#8221;default&#8221; max_width=&#8221;1200px&#8221;][et_pb_column type=&#8221;4_4&#8243; _builder_version=&#8221;4.9.4&#8243; _module_preset=&#8221;default&#8221;][et_pb_text disabled_on=&#8221;off|off|off&#8221; admin_label=&#8221;S\u00c9JOURS D&#8217;EXCEPTION&#8221; _builder_version=&#8221;4.9.4&#8243; _module_preset=&#8221;default&#8221; header_3_text_color=&#8221;#3796aa&#8221; text_orientation=&#8221;center&#8221; [&hellip;]<\/p>\n","protected":false},"author":1,"featured_media":0,"parent":0,"menu_order":0,"comment_status":"closed","ping_status":"closed","template":"","meta":{"_acf_changed":false,"_et_pb_use_builder":"on","_et_pb_old_content":"","_et_gb_content_width":"","inline_featured_image":false,"footnotes":""},"acf":[],"yoast_head":"<!-- This site is optimized with the Yoast SEO plugin v22.0 - https:\/\/yoast.com\/wordpress\/plugins\/seo\/ -->\n<title>Mobil-home luxe &amp; chalet en bord de Mer M\u00e9diterran\u00e9e | Camping familial 5 \u00e9toiles Les Sablons<\/title>\n<meta name=\"robots\" content=\"index, follow, max-snippet:-1, max-image-preview:large, max-video-preview:-1\" \/>\n<link rel=\"canonical\" href=\"https:\/\/www.les-sablons.com\/nl\/les-mobilhomes\/\" \/>\n<meta property=\"og:locale\" content=\"nl_NL\" \/>\n<meta property=\"og:type\" content=\"article\" \/>\n<meta property=\"og:title\" content=\"Mobil-home luxe &amp; chalet en bord de Mer M\u00e9diterran\u00e9e | Camping familial 5 \u00e9toiles Les Sablons\" \/>\n<meta property=\"og:description\" content=\"[et_pb_section fb_built=&#8221;1&#8243; fullwidth=&#8221;on&#8221; module_class=&#8221;home_top24&#8243; _builder_version=&#8221;4.9.4&#8243; _module_preset=&#8221;default&#8221; background_color=&#8221;RGBA(0,0,0,0)&#8221; background_image=&#8221;https:\/\/www.les-sablons.com\/wp-content\/uploads\/2024\/09\/les-mobilhomes-luxes-les-sablons.jpg&#8221; width_tablet=&#8221;&#8221; width_phone=&#8221;&#8221; width_last_edited=&#8221;on|phone&#8221; locked=&#8221;off&#8221;][et_pb_fullwidth_header title=&#8221;LUXE STACARAVANS&#8221; subhead=&#8221;Tussen ontspanning en ontsnapping, geniet van eersteklas services en een unieke sfeer voor een vakantie op maat !&#8221; module_class=&#8221;ls_24_entete&#8221; _builder_version=&#8221;4.9.4&#8243; _module_preset=&#8221;default&#8221; background_enable_color=&#8221;off&#8221;][\/et_pb_fullwidth_header][\/et_pb_section][et_pb_section fb_built=&#8221;1&#8243; module_class=&#8221;bleu_medi24&#8243; _builder_version=&#8221;4.9.4&#8243; _module_preset=&#8221;default&#8221; background_color=&#8221;#f7f2ec&#8221; locked=&#8221;off&#8221;][et_pb_row _builder_version=&#8221;4.9.4&#8243; _module_preset=&#8221;default&#8221; max_width=&#8221;1200px&#8221;][et_pb_column type=&#8221;4_4&#8243; _builder_version=&#8221;4.9.4&#8243; _module_preset=&#8221;default&#8221;][et_pb_text disabled_on=&#8221;off|off|off&#8221; admin_label=&#8221;S\u00c9JOURS D&#8217;EXCEPTION&#8221; _builder_version=&#8221;4.9.4&#8243; _module_preset=&#8221;default&#8221; header_3_text_color=&#8221;#3796aa&#8221; text_orientation=&#8221;center&#8221; [&hellip;]\" \/>\n<meta property=\"og:url\" content=\"https:\/\/www.les-sablons.com\/nl\/les-mobilhomes\/\" \/>\n<meta property=\"og:site_name\" content=\"Camping ***** les Sablons\" \/>\n<meta property=\"article:modified_time\" content=\"2025-02-21T13:41:26+00:00\" \/>\n<meta name=\"twitter:card\" content=\"summary_large_image\" \/>\n<meta name=\"twitter:label1\" content=\"Geschatte leestijd\" \/>\n\t<meta name=\"twitter:data1\" content=\"2 minuten\" \/>\n<script type=\"application\/ld+json\" class=\"yoast-schema-graph\">{\"@context\":\"https:\/\/schema.org\",\"@graph\":[{\"@type\":\"WebPage\",\"@id\":\"https:\/\/www.les-sablons.com\/nl\/les-mobilhomes\/\",\"url\":\"https:\/\/www.les-sablons.com\/nl\/les-mobilhomes\/\",\"name\":\"Mobil-home luxe & chalet en bord de Mer M\u00e9diterran\u00e9e | Camping familial 5 \u00e9toiles Les Sablons\",\"isPartOf\":{\"@id\":\"https:\/\/www.les-sablons.com\/nl\/#website\"},\"datePublished\":\"2024-09-23T09:17:05+00:00\",\"dateModified\":\"2025-02-21T13:41:26+00:00\",\"breadcrumb\":{\"@id\":\"https:\/\/www.les-sablons.com\/nl\/les-mobilhomes\/#breadcrumb\"},\"inLanguage\":\"nl-NL\",\"potentialAction\":[{\"@type\":\"ReadAction\",\"target\":[\"https:\/\/www.les-sablons.com\/nl\/les-mobilhomes\/\"]}]},{\"@type\":\"BreadcrumbList\",\"@id\":\"https:\/\/www.les-sablons.com\/nl\/les-mobilhomes\/#breadcrumb\",\"itemListElement\":[{\"@type\":\"ListItem\",\"position\":1,\"name\":\"Accueil\",\"item\":\"https:\/\/www.les-sablons.com\/nl\/\"},{\"@type\":\"ListItem\",\"position\":2,\"name\":\"2024 Les mobilhomes Luxes\"}]},{\"@type\":\"WebSite\",\"@id\":\"https:\/\/www.les-sablons.com\/nl\/#website\",\"url\":\"https:\/\/www.les-sablons.com\/nl\/\",\"name\":\"Camping ***** les Sablons\",\"description\":\"les Sablons \u00e0 Portiragnes-Plage, bord de mer M\u00e9diterran\u00e9e, proche Cap d&#039;Agde, Languedoc Roussillon\",\"potentialAction\":[{\"@type\":\"SearchAction\",\"target\":{\"@type\":\"EntryPoint\",\"urlTemplate\":\"https:\/\/www.les-sablons.com\/nl\/?s={search_term_string}\"},\"query-input\":\"required name=search_term_string\"}],\"inLanguage\":\"nl-NL\"}]}<\/script>\n<!-- \/ Yoast SEO plugin. -->","yoast_head_json":{"title":"Mobil-home luxe & chalet en bord de Mer M\u00e9diterran\u00e9e | Camping familial 5 \u00e9toiles Les Sablons","robots":{"index":"index","follow":"follow","max-snippet":"max-snippet:-1","max-image-preview":"max-image-preview:large","max-video-preview":"max-video-preview:-1"},"canonical":"https:\/\/www.les-sablons.com\/nl\/les-mobilhomes\/","og_locale":"nl_NL","og_type":"article","og_title":"Mobil-home luxe & chalet en bord de Mer M\u00e9diterran\u00e9e | Camping familial 5 \u00e9toiles Les Sablons","og_description":"[et_pb_section fb_built=&#8221;1&#8243; fullwidth=&#8221;on&#8221; module_class=&#8221;home_top24&#8243; _builder_version=&#8221;4.9.4&#8243; _module_preset=&#8221;default&#8221; background_color=&#8221;RGBA(0,0,0,0)&#8221; background_image=&#8221;https:\/\/www.les-sablons.com\/wp-content\/uploads\/2024\/09\/les-mobilhomes-luxes-les-sablons.jpg&#8221; width_tablet=&#8221;&#8221; width_phone=&#8221;&#8221; width_last_edited=&#8221;on|phone&#8221; locked=&#8221;off&#8221;][et_pb_fullwidth_header title=&#8221;LUXE STACARAVANS&#8221; subhead=&#8221;Tussen ontspanning en ontsnapping, geniet van eersteklas services en een unieke sfeer voor een vakantie op maat !&#8221; module_class=&#8221;ls_24_entete&#8221; _builder_version=&#8221;4.9.4&#8243; _module_preset=&#8221;default&#8221; background_enable_color=&#8221;off&#8221;][\/et_pb_fullwidth_header][\/et_pb_section][et_pb_section fb_built=&#8221;1&#8243; module_class=&#8221;bleu_medi24&#8243; _builder_version=&#8221;4.9.4&#8243; _module_preset=&#8221;default&#8221; background_color=&#8221;#f7f2ec&#8221; locked=&#8221;off&#8221;][et_pb_row _builder_version=&#8221;4.9.4&#8243; _module_preset=&#8221;default&#8221; max_width=&#8221;1200px&#8221;][et_pb_column type=&#8221;4_4&#8243; _builder_version=&#8221;4.9.4&#8243; _module_preset=&#8221;default&#8221;][et_pb_text disabled_on=&#8221;off|off|off&#8221; admin_label=&#8221;S\u00c9JOURS D&#8217;EXCEPTION&#8221; _builder_version=&#8221;4.9.4&#8243; _module_preset=&#8221;default&#8221; header_3_text_color=&#8221;#3796aa&#8221; text_orientation=&#8221;center&#8221; [&hellip;]","og_url":"https:\/\/www.les-sablons.com\/nl\/les-mobilhomes\/","og_site_name":"Camping ***** les Sablons","article_modified_time":"2025-02-21T13:41:26+00:00","twitter_card":"summary_large_image","twitter_misc":{"Geschatte leestijd":"2 minuten"},"schema":{"@context":"https:\/\/schema.org","@graph":[{"@type":"WebPage","@id":"https:\/\/www.les-sablons.com\/nl\/les-mobilhomes\/","url":"https:\/\/www.les-sablons.com\/nl\/les-mobilhomes\/","name":"Mobil-home luxe & chalet en bord de Mer M\u00e9diterran\u00e9e | Camping familial 5 \u00e9toiles Les Sablons","isPartOf":{"@id":"https:\/\/www.les-sablons.com\/nl\/#website"},"datePublished":"2024-09-23T09:17:05+00:00","dateModified":"2025-02-21T13:41:26+00:00","breadcrumb":{"@id":"https:\/\/www.les-sablons.com\/nl\/les-mobilhomes\/#breadcrumb"},"inLanguage":"nl-NL","potentialAction":[{"@type":"ReadAction","target":["https:\/\/www.les-sablons.com\/nl\/les-mobilhomes\/"]}]},{"@type":"BreadcrumbList","@id":"https:\/\/www.les-sablons.com\/nl\/les-mobilhomes\/#breadcrumb","itemListElement":[{"@type":"ListItem","position":1,"name":"Accueil","item":"https:\/\/www.les-sablons.com\/nl\/"},{"@type":"ListItem","position":2,"name":"2024 Les mobilhomes Luxes"}]},{"@type":"WebSite","@id":"https:\/\/www.les-sablons.com\/nl\/#website","url":"https:\/\/www.les-sablons.com\/nl\/","name":"Camping ***** les Sablons","description":"les Sablons \u00e0 Portiragnes-Plage, bord de mer M\u00e9diterran\u00e9e, proche Cap d&#039;Agde, Languedoc Roussillon","potentialAction":[{"@type":"SearchAction","target":{"@type":"EntryPoint","urlTemplate":"https:\/\/www.les-sablons.com\/nl\/?s={search_term_string}"},"query-input":"required name=search_term_string"}],"inLanguage":"nl-NL"}]}},"_links":{"self":[{"href":"https:\/\/www.les-sablons.com\/nl\/wp-json\/wp\/v2\/pages\/33047"}],"collection":[{"href":"https:\/\/www.les-sablons.com\/nl\/wp-json\/wp\/v2\/pages"}],"about":[{"href":"https:\/\/www.les-sablons.com\/nl\/wp-json\/wp\/v2\/types\/page"}],"author":[{"embeddable":true,"href":"https:\/\/www.les-sablons.com\/nl\/wp-json\/wp\/v2\/users\/1"}],"replies":[{"embeddable":true,"href":"https:\/\/www.les-sablons.com\/nl\/wp-json\/wp\/v2\/comments?post=33047"}],"version-history":[{"count":0,"href":"https:\/\/www.les-sablons.com\/nl\/wp-json\/wp\/v2\/pages\/33047\/revisions"}],"wp:attachment":[{"href":"https:\/\/www.les-sablons.com\/nl\/wp-json\/wp\/v2\/media?parent=33047"}],"curies":[{"name":"wp","href":"https:\/\/api.w.org\/{rel}","templated":true}]}}