{"id":33049,"date":"2024-09-23T09:17:05","date_gmt":"2024-09-23T09:17:05","guid":{"rendered":"https:\/\/www.les-sablons.com\/les-mobilhomes\/"},"modified":"2025-02-21T13:40:31","modified_gmt":"2025-02-21T13:40:31","slug":"les-mobilhomes","status":"publish","type":"page","link":"https:\/\/www.les-sablons.com\/de\/les-mobilhomes\/","title":{"rendered":"2024 Les mobilhomes Luxes"},"content":{"rendered":"<p>[et_pb_section fb_built=&#8220;1&#8243; fullwidth=&#8220;on&#8220; module_class=&#8220;home_top24&#8243; _builder_version=&#8220;4.9.4&#8243; _module_preset=&#8220;default&#8220; background_color=&#8220;RGBA(0,0,0,0)&#8220; background_image=&#8220;https:\/\/www.les-sablons.com\/wp-content\/uploads\/2024\/09\/les-mobilhomes-luxes-les-sablons.jpg&#8220; width_tablet=&#8220;&#8220; width_phone=&#8220;&#8220; width_last_edited=&#8220;on|phone&#8220; locked=&#8220;off&#8220;][et_pb_fullwidth_header title=&#8220;LUXUS-MOBILHEIME&#8220; subhead=&#8220;Genie\u00dfen Sie zwischen Entspannung und Flucht erstklassige Dienstleistungen und eine einzigartige Atmosph\u00e4re f\u00fcr einen ma\u00dfgeschneiderten Urlaub !&#8220; module_class=&#8220;ls_24_entete&#8220; _builder_version=&#8220;4.9.4&#8243; _module_preset=&#8220;default&#8220; background_enable_color=&#8220;off&#8220;][\/et_pb_fullwidth_header][\/et_pb_section][et_pb_section fb_built=&#8220;1&#8243; module_class=&#8220;bleu_medi24&#8243; _builder_version=&#8220;4.9.4&#8243; _module_preset=&#8220;default&#8220; background_color=&#8220;#f7f2ec&#8220; locked=&#8220;off&#8220;][et_pb_row _builder_version=&#8220;4.9.4&#8243; _module_preset=&#8220;default&#8220; max_width=&#8220;1200px&#8220;][et_pb_column type=&#8220;4_4&#8243; _builder_version=&#8220;4.9.4&#8243; _module_preset=&#8220;default&#8220;][et_pb_text disabled_on=&#8220;off|off|off&#8220; admin_label=&#8220;S\u00c9JOURS D&#8217;EXCEPTION&#8220; _builder_version=&#8220;4.9.4&#8243; _module_preset=&#8220;default&#8220; header_3_text_color=&#8220;#3796aa&#8220; text_orientation=&#8220;center&#8220; custom_padding=&#8220;||15px||false|false&#8220; border_style_all=&#8220;none&#8220; border_width_bottom=&#8220;2px&#8220; border_color_bottom=&#8220;#3796aa&#8220;]<\/p>\n<h2>AUSSERGEW\u00d6HNLICHE AUFENTHALTE<\/h2>\n<p style=\"text-align: center;\">Entdecken Sie unsere Luxus-Mobilheime, die sich in verkehrsfreien und begr\u00fcnten Bereichen befinden, in denen sich Natur und Ruhe perfekt harmonisieren. Ob Sie die Modelle Casa, Keywest oder Taos w\u00e4hlen, jede Unterkunft bietet individuelle Grundrisse, vom Studio bis hin zu 3 Schlafzimmern, um all Ihre Erwartungen zu erf\u00fcllen.<\/p>\n<p>[\/et_pb_text][\/et_pb_column][\/et_pb_row][\/et_pb_section][et_pb_section fb_built=&#8220;1&#8243; custom_padding_last_edited=&#8220;on|phone&#8220; _builder_version=&#8220;4.9.4&#8243; _module_preset=&#8220;default&#8220; custom_padding_tablet=&#8220;&#8220; custom_padding_phone=&#8220;0px||0px||false|false&#8220;][et_pb_row column_structure=&#8220;1_3,1_3,1_3&#8243; _builder_version=&#8220;4.9.4&#8243; _module_preset=&#8220;default&#8220; max_width=&#8220;1200px&#8220;][et_pb_column type=&#8220;1_3&#8243; module_class=&#8220;ls_3_blocs&#8220; _builder_version=&#8220;4.9.4&#8243; _module_preset=&#8220;default&#8220;][et_pb_image src=&#8220;https:\/\/www.les-sablons.com\/wp-content\/uploads\/2024\/09\/2025-HEBERGEMENT-taos-deskop-2.jpg&#8220; title_text=&#8220;2025-HEBERGEMENT-taos-deskop-2&#8243; url=&#8220;@ET-DC@eyJkeW5hbWljIjp0cnVlLCJjb250ZW50IjoicG9zdF9saW5rX3VybF9wYWdlIiwic2V0dGluZ3MiOnsicG9zdF9pZCI6IjMyNTQwIn19@&#8220; _builder_version=&#8220;4.9.4&#8243; _dynamic_attributes=&#8220;url&#8220; _module_preset=&#8220;default&#8220;][\/et_pb_image][et_pb_text admin_label=&#8220;MOBILHOME TAOS&#8220; _builder_version=&#8220;4.9.4&#8243; _module_preset=&#8220;default&#8220;]<\/p>\n<h3>MOBILHEIM TAOS<\/h3>\n<p>4 Viertel zur Auswahl<\/p>\n<p>[\/et_pb_text][et_pb_button button_url=&#8220;@ET-DC@eyJkeW5hbWljIjp0cnVlLCJjb250ZW50IjoicG9zdF9saW5rX3VybF9wYWdlIiwic2V0dGluZ3MiOnsicG9zdF9pZCI6IjMyNTQwIn19@&#8220; button_text=&#8220; &#8220; _builder_version=&#8220;4.9.4&#8243; _dynamic_attributes=&#8220;button_url&#8220; _module_preset=&#8220;default&#8220; custom_button=&#8220;on&#8220; button_icon=&#8220;%%20%%&#8220; button_icon_color=&#8220;#FFFFFF&#8220;][\/et_pb_button][\/et_pb_column][et_pb_column type=&#8220;1_3&#8243; module_class=&#8220;ls_3_blocs&#8220; _builder_version=&#8220;4.9.4&#8243; _module_preset=&#8220;default&#8220;][et_pb_image src=&#8220;https:\/\/www.les-sablons.com\/wp-content\/uploads\/2024\/09\/2025-HEBERGEMENT-casa-deskop.jpg&#8220; title_text=&#8220;2025-HEBERGEMENT-casa-deskop&#8220; url=&#8220;@ET-DC@eyJkeW5hbWljIjp0cnVlLCJjb250ZW50IjoicG9zdF9saW5rX3VybF9wYWdlIiwic2V0dGluZ3MiOnsicG9zdF9pZCI6IjMyMzc4In19@&#8220; _builder_version=&#8220;4.9.4&#8243; _dynamic_attributes=&#8220;url&#8220; _module_preset=&#8220;default&#8220;][\/et_pb_image][et_pb_text admin_label=&#8220;MOBILHOME CASA&#8220; _builder_version=&#8220;4.9.4&#8243; _module_preset=&#8220;default&#8220;]<\/p>\n<h3>MOBILHEIM CASA<\/h3>\n<p>Viertel CARIGNAN<\/p>\n<p>[\/et_pb_text][et_pb_button button_url=&#8220;@ET-DC@eyJkeW5hbWljIjp0cnVlLCJjb250ZW50IjoicG9zdF9saW5rX3VybF9wYWdlIiwic2V0dGluZ3MiOnsicG9zdF9pZCI6IjMyMzc4In19@&#8220; button_text=&#8220; &#8220; _builder_version=&#8220;4.9.4&#8243; _dynamic_attributes=&#8220;button_url&#8220; _module_preset=&#8220;default&#8220; custom_button=&#8220;on&#8220; button_icon=&#8220;%%20%%&#8220; button_icon_color=&#8220;#FFFFFF&#8220;][\/et_pb_button][\/et_pb_column][et_pb_column type=&#8220;1_3&#8243; module_class=&#8220;ls_3_blocs&#8220; _builder_version=&#8220;4.9.4&#8243; _module_preset=&#8220;default&#8220;][et_pb_image src=&#8220;https:\/\/www.les-sablons.com\/wp-content\/uploads\/2024\/09\/2025-HEBERGEMENT-keywest-deskop.jpg&#8220; title_text=&#8220;2025-HEBERGEMENT-keywest-deskop&#8220; url=&#8220;@ET-DC@eyJkeW5hbWljIjp0cnVlLCJjb250ZW50IjoicG9zdF9saW5rX3VybF9wYWdlIiwic2V0dGluZ3MiOnsicG9zdF9pZCI6IjMyODEwIn19@&#8220; _builder_version=&#8220;4.9.4&#8243; _dynamic_attributes=&#8220;url&#8220; _module_preset=&#8220;default&#8220;][\/et_pb_image][et_pb_text admin_label=&#8220;MOBILHOME KEYWEST&#8220; _builder_version=&#8220;4.9.4&#8243; _module_preset=&#8220;default&#8220;]<\/p>\n<h3>MOBILHEIM KEYWEST<\/h3>\n<p>Viertel MUSCAT<\/p>\n<p>[\/et_pb_text][et_pb_button button_url=&#8220;@ET-DC@eyJkeW5hbWljIjp0cnVlLCJjb250ZW50IjoicG9zdF9saW5rX3VybF9wYWdlIiwic2V0dGluZ3MiOnsicG9zdF9pZCI6IjMyODEwIn19@&#8220; button_text=&#8220; &#8220; _builder_version=&#8220;4.9.4&#8243; _dynamic_attributes=&#8220;button_url&#8220; _module_preset=&#8220;default&#8220; custom_button=&#8220;on&#8220; button_icon=&#8220;%%20%%&#8220; button_icon_color=&#8220;#FFFFFF&#8220;][\/et_pb_button][\/et_pb_column][\/et_pb_row][\/et_pb_section][et_pb_section fb_built=&#8220;1&#8243; _builder_version=&#8220;4.9.4&#8243; _module_preset=&#8220;default&#8220; custom_padding=&#8220;0px||||false|false&#8220;][et_pb_row _builder_version=&#8220;4.9.4&#8243; _module_preset=&#8220;default&#8220; max_width=&#8220;1200px&#8220;][et_pb_column type=&#8220;4_4&#8243; _builder_version=&#8220;4.9.4&#8243; _module_preset=&#8220;default&#8220;][et_pb_button button_url=&#8220;@ET-DC@eyJkeW5hbWljIjp0cnVlLCJjb250ZW50IjoicG9zdF9saW5rX3VybF9wYWdlIiwic2V0dGluZ3MiOnsicG9zdF9pZCI6IjMyNjI3In19@&#8220; button_text=&#8220;Alle Verf\u00fcgbarkeiten anzeigen&#8220; admin_label=&#8220;Voir toutes les disponibilit\u00e9s&#8220; module_class=&#8220;ls_24_btn&#8220; _builder_version=&#8220;4.9.4&#8243; _dynamic_attributes=&#8220;button_url&#8220; _module_preset=&#8220;default&#8220; custom_button=&#8220;on&#8220; button_bg_color=&#8220;#3796aa&#8220; button_icon=&#8220;%%20%%&#8220; button_icon_color=&#8220;#FFFFFF&#8220; background_layout=&#8220;dark&#8220;][\/et_pb_button][et_pb_text admin_label=&#8220;Pour l\u2019ensemble de ces mobilhomes luxes les prestations suivantes sont incluses : m\u00e9nage de d\u00e9part, draps de lit, linge de toilette et lits faits \u00e0 l\u2019arriv\u00e9e.&#8220; module_class=&#8220;ls_bloc_green_border&#8220; _builder_version=&#8220;4.9.4&#8243; _module_preset=&#8220;default&#8220; text_text_color=&#8220;#3796aa&#8220; text_orientation=&#8220;center&#8220; background_layout=&#8220;dark&#8220; border_width_all=&#8220;1px&#8220; border_color_all=&#8220;#3796aa&#8220;]<\/p>\n<p>F\u00fcr all diese Luxus-Mobilheime sind die folgenden Leistungen inklusive: Endreinigung, Bettw\u00e4sche, Handt\u00fccher und bei Ankunft bezogene Betten.<\/p>\n<p>[\/et_pb_text][\/et_pb_column][\/et_pb_row][\/et_pb_section][et_pb_section fb_built=&#8220;1&#8243; _builder_version=&#8220;4.9.4&#8243; _module_preset=&#8220;default&#8220; background_color=&#8220;#f7f2ec&#8220; custom_padding=&#8220;||||false|false&#8220; locked=&#8220;off&#8220;][et_pb_row _builder_version=&#8220;4.9.4&#8243; _module_preset=&#8220;default&#8220; max_width=&#8220;1200px&#8220;][et_pb_column type=&#8220;4_4&#8243; _builder_version=&#8220;4.9.4&#8243; _module_preset=&#8220;default&#8220;][et_pb_text disabled_on=&#8220;off|off|off&#8220; admin_label=&#8220;TROUVER VOTRE LOGEMENT SUR LA CARTE&#8220; module_class=&#8220;ls_24_title_carte&#8220; _builder_version=&#8220;4.9.4&#8243; _module_preset=&#8220;default&#8220; header_3_text_color=&#8220;#3796aa&#8220; text_orientation=&#8220;center&#8220; custom_padding=&#8220;||15px||false|false&#8220; border_style_all=&#8220;none&#8220; border_width_bottom=&#8220;2px&#8220; border_color_bottom=&#8220;#3796aa&#8220;]<\/p>\n<h2>FINDEN SIE IHR UNTERKUNFT AUF DER KARTE<\/h2>\n<p>[\/et_pb_text][et_pb_image src=&#8220;https:\/\/www.les-sablons.com\/wp-content\/uploads\/2025\/02\/\u00a9Sablons2025_Plan_MHLUXE.png&#8220; title_text=&#8220;\u00a9Sablons2025_Plan_MHLUXE&#8220; show_in_lightbox=&#8220;on&#8220; module_class=&#8220;ls_24_carte_interactive&#8220; _builder_version=&#8220;4.9.4&#8243; _module_preset=&#8220;default&#8220; hover_enabled=&#8220;0&#8243; locked=&#8220;off&#8220; sticky_enabled=&#8220;0&#8243;][\/et_pb_image][\/et_pb_column][\/et_pb_row][\/et_pb_section][et_pb_section fb_built=&#8220;1&#8243; module_class=&#8220;vacance_reve24&#8243; _builder_version=&#8220;4.9.4&#8243; _module_preset=&#8220;default&#8220; background_color=&#8220;#f7f2ec&#8220; locked=&#8220;off&#8220;][et_pb_row _builder_version=&#8220;4.9.4&#8243; _module_preset=&#8220;default&#8220; max_width=&#8220;1200px&#8220;][et_pb_column type=&#8220;4_4&#8243; _builder_version=&#8220;4.9.4&#8243; _module_preset=&#8220;default&#8220;][et_pb_image src=&#8220;https:\/\/www.les-sablons.com\/wp-content\/uploads\/2024\/09\/une-atmosphere-pour-chaque-envie-les-sablons.jpg&#8220; title_text=&#8220;une-atmosphere-pour-chaque-envie-les-sablons&#8220; _builder_version=&#8220;4.9.4&#8243; _module_preset=&#8220;default&#8220;][\/et_pb_image][\/et_pb_column][\/et_pb_row][et_pb_row _builder_version=&#8220;4.9.4&#8243; _module_preset=&#8220;default&#8220; max_width=&#8220;1200px&#8220;][et_pb_column type=&#8220;4_4&#8243; _builder_version=&#8220;4.9.4&#8243; _module_preset=&#8220;default&#8220;][et_pb_text disabled_on=&#8220;off|off|off&#8220; admin_label=&#8220;Une atmosph\u00e8re pour chaque envie&#8220; module_class=&#8220;bloc_vacance24&#8243; _builder_version=&#8220;4.9.4&#8243; _module_preset=&#8220;default&#8220; header_3_text_color=&#8220;#3796aa&#8220; text_orientation=&#8220;center&#8220; custom_padding=&#8220;||15px||false|false&#8220; border_style_all=&#8220;none&#8220; border_width_bottom=&#8220;2px&#8220; border_color_bottom=&#8220;#3796aa&#8220;]<\/p>\n<h2>EINE ATMOSPH\u00c4RE F\u00dcR JEDES VERLANGEN<\/h2>\n<p style=\"text-align: center;\">Lassen Sie sich von einzigartigen Stimmungen verzaubern, die sich mit den Jahreszeiten und Ihren W\u00fcnschen ver\u00e4ndern! Gelassenheit im Zen-Garten, maritime Atmosph\u00e4re oder Strandfeeling \u2013 jedes Erlebnis l\u00e4dt Sie zum Entspannen ein !<\/p>\n<p>[\/et_pb_text][\/et_pb_column][\/et_pb_row][\/et_pb_section][et_pb_section fb_built=&#8220;1&#8243; fullwidth=&#8220;on&#8220; module_class=&#8220;ls_bottom_banner&#8220; _builder_version=&#8220;4.9.4&#8243; _module_preset=&#8220;default&#8220; background_color=&#8220;RGBA(0,0,0,0)&#8220; background_image=&#8220;https:\/\/www.les-sablons.com\/wp-content\/uploads\/2024\/09\/tous-les-hebergements-les-sablons.jpg&#8220; locked=&#8220;off&#8220;][et_pb_fullwidth_header title=&#8220;ALLE UNTERK\u00dcNFTE&#8220; button_one_text=&#8220;Zur\u00fcck zu den Unterk\u00fcnften&#8220; button_one_url=&#8220;@ET-DC@eyJkeW5hbWljIjp0cnVlLCJjb250ZW50IjoicG9zdF9saW5rX3VybF9wYWdlIiwic2V0dGluZ3MiOnsicG9zdF9pZCI6IjI3MDUxIn19@&#8220; _builder_version=&#8220;4.9.4&#8243; _dynamic_attributes=&#8220;button_one_url&#8220; _module_preset=&#8220;default&#8220; background_enable_color=&#8220;off&#8220;][\/et_pb_fullwidth_header][\/et_pb_section]<\/p>\n","protected":false},"excerpt":{"rendered":"<p>[et_pb_section fb_built=&#8220;1&#8243; fullwidth=&#8220;on&#8220; module_class=&#8220;home_top24&#8243; _builder_version=&#8220;4.9.4&#8243; _module_preset=&#8220;default&#8220; background_color=&#8220;RGBA(0,0,0,0)&#8220; background_image=&#8220;https:\/\/www.les-sablons.com\/wp-content\/uploads\/2024\/09\/les-mobilhomes-luxes-les-sablons.jpg&#8220; width_tablet=&#8220;&#8220; width_phone=&#8220;&#8220; width_last_edited=&#8220;on|phone&#8220; locked=&#8220;off&#8220;][et_pb_fullwidth_header title=&#8220;LUXUS-MOBILHEIME&#8220; subhead=&#8220;Genie\u00dfen Sie zwischen Entspannung und Flucht erstklassige Dienstleistungen und eine einzigartige Atmosph\u00e4re f\u00fcr einen ma\u00dfgeschneiderten Urlaub !&#8220; module_class=&#8220;ls_24_entete&#8220; _builder_version=&#8220;4.9.4&#8243; _module_preset=&#8220;default&#8220; background_enable_color=&#8220;off&#8220;][\/et_pb_fullwidth_header][\/et_pb_section][et_pb_section fb_built=&#8220;1&#8243; module_class=&#8220;bleu_medi24&#8243; _builder_version=&#8220;4.9.4&#8243; _module_preset=&#8220;default&#8220; background_color=&#8220;#f7f2ec&#8220; locked=&#8220;off&#8220;][et_pb_row _builder_version=&#8220;4.9.4&#8243; _module_preset=&#8220;default&#8220; max_width=&#8220;1200px&#8220;][et_pb_column type=&#8220;4_4&#8243; _builder_version=&#8220;4.9.4&#8243; _module_preset=&#8220;default&#8220;][et_pb_text disabled_on=&#8220;off|off|off&#8220; admin_label=&#8220;S\u00c9JOURS D&#8217;EXCEPTION&#8220; _builder_version=&#8220;4.9.4&#8243; _module_preset=&#8220;default&#8220; header_3_text_color=&#8220;#3796aa&#8220; text_orientation=&#8220;center&#8220; custom_padding=&#8220;||15px||false|false&#8220; border_style_all=&#8220;none&#8220; [&hellip;]<\/p>\n","protected":false},"author":1,"featured_media":0,"parent":0,"menu_order":0,"comment_status":"closed","ping_status":"closed","template":"","meta":{"_acf_changed":false,"_et_pb_use_builder":"on","_et_pb_old_content":"","_et_gb_content_width":"","inline_featured_image":false,"footnotes":""},"acf":[],"yoast_head":"<!-- This site is optimized with the Yoast SEO plugin v22.0 - https:\/\/yoast.com\/wordpress\/plugins\/seo\/ -->\n<title>Mobil-home luxe &amp; chalet en bord de Mer M\u00e9diterran\u00e9e | Camping familial 5 \u00e9toiles Les Sablons<\/title>\n<meta name=\"robots\" content=\"index, follow, max-snippet:-1, max-image-preview:large, max-video-preview:-1\" \/>\n<link rel=\"canonical\" href=\"https:\/\/www.les-sablons.com\/de\/les-mobilhomes\/\" \/>\n<meta property=\"og:locale\" content=\"de_DE\" \/>\n<meta property=\"og:type\" content=\"article\" \/>\n<meta property=\"og:title\" content=\"Mobil-home luxe &amp; chalet en bord de Mer M\u00e9diterran\u00e9e | Camping familial 5 \u00e9toiles Les Sablons\" \/>\n<meta property=\"og:description\" content=\"[et_pb_section fb_built=&#8220;1&#8243; fullwidth=&#8220;on&#8220; module_class=&#8220;home_top24&#8243; _builder_version=&#8220;4.9.4&#8243; _module_preset=&#8220;default&#8220; background_color=&#8220;RGBA(0,0,0,0)&#8220; background_image=&#8220;https:\/\/www.les-sablons.com\/wp-content\/uploads\/2024\/09\/les-mobilhomes-luxes-les-sablons.jpg&#8220; width_tablet=&#8220;&#8220; width_phone=&#8220;&#8220; width_last_edited=&#8220;on|phone&#8220; locked=&#8220;off&#8220;][et_pb_fullwidth_header title=&#8220;LUXUS-MOBILHEIME&#8220; subhead=&#8220;Genie\u00dfen Sie zwischen Entspannung und Flucht erstklassige Dienstleistungen und eine einzigartige Atmosph\u00e4re f\u00fcr einen ma\u00dfgeschneiderten Urlaub !&#8220; module_class=&#8220;ls_24_entete&#8220; _builder_version=&#8220;4.9.4&#8243; _module_preset=&#8220;default&#8220; background_enable_color=&#8220;off&#8220;][\/et_pb_fullwidth_header][\/et_pb_section][et_pb_section fb_built=&#8220;1&#8243; module_class=&#8220;bleu_medi24&#8243; _builder_version=&#8220;4.9.4&#8243; _module_preset=&#8220;default&#8220; background_color=&#8220;#f7f2ec&#8220; locked=&#8220;off&#8220;][et_pb_row _builder_version=&#8220;4.9.4&#8243; _module_preset=&#8220;default&#8220; max_width=&#8220;1200px&#8220;][et_pb_column type=&#8220;4_4&#8243; _builder_version=&#8220;4.9.4&#8243; _module_preset=&#8220;default&#8220;][et_pb_text disabled_on=&#8220;off|off|off&#8220; admin_label=&#8220;S\u00c9JOURS D&#8217;EXCEPTION&#8220; _builder_version=&#8220;4.9.4&#8243; _module_preset=&#8220;default&#8220; header_3_text_color=&#8220;#3796aa&#8220; text_orientation=&#8220;center&#8220; custom_padding=&#8220;||15px||false|false&#8220; border_style_all=&#8220;none&#8220; [&hellip;]\" \/>\n<meta property=\"og:url\" content=\"https:\/\/www.les-sablons.com\/de\/les-mobilhomes\/\" \/>\n<meta property=\"og:site_name\" content=\"Camping ***** les Sablons\" \/>\n<meta property=\"article:modified_time\" content=\"2025-02-21T13:40:31+00:00\" \/>\n<meta name=\"twitter:card\" content=\"summary_large_image\" \/>\n<meta name=\"twitter:label1\" content=\"Gesch\u00e4tzte Lesezeit\" \/>\n\t<meta name=\"twitter:data1\" content=\"2\u00a0Minuten\" \/>\n<script type=\"application\/ld+json\" class=\"yoast-schema-graph\">{\"@context\":\"https:\/\/schema.org\",\"@graph\":[{\"@type\":\"WebPage\",\"@id\":\"https:\/\/www.les-sablons.com\/de\/les-mobilhomes\/\",\"url\":\"https:\/\/www.les-sablons.com\/de\/les-mobilhomes\/\",\"name\":\"Mobil-home luxe & chalet en bord de Mer M\u00e9diterran\u00e9e | Camping familial 5 \u00e9toiles Les Sablons\",\"isPartOf\":{\"@id\":\"https:\/\/www.les-sablons.com\/de\/#website\"},\"datePublished\":\"2024-09-23T09:17:05+00:00\",\"dateModified\":\"2025-02-21T13:40:31+00:00\",\"breadcrumb\":{\"@id\":\"https:\/\/www.les-sablons.com\/de\/les-mobilhomes\/#breadcrumb\"},\"inLanguage\":\"de\",\"potentialAction\":[{\"@type\":\"ReadAction\",\"target\":[\"https:\/\/www.les-sablons.com\/de\/les-mobilhomes\/\"]}]},{\"@type\":\"BreadcrumbList\",\"@id\":\"https:\/\/www.les-sablons.com\/de\/les-mobilhomes\/#breadcrumb\",\"itemListElement\":[{\"@type\":\"ListItem\",\"position\":1,\"name\":\"Accueil\",\"item\":\"https:\/\/www.les-sablons.com\/de\/\"},{\"@type\":\"ListItem\",\"position\":2,\"name\":\"2024 Les mobilhomes Luxes\"}]},{\"@type\":\"WebSite\",\"@id\":\"https:\/\/www.les-sablons.com\/de\/#website\",\"url\":\"https:\/\/www.les-sablons.com\/de\/\",\"name\":\"Camping ***** les Sablons\",\"description\":\"les Sablons \u00e0 Portiragnes-Plage, bord de mer M\u00e9diterran\u00e9e, proche Cap d&#039;Agde, Languedoc Roussillon\",\"potentialAction\":[{\"@type\":\"SearchAction\",\"target\":{\"@type\":\"EntryPoint\",\"urlTemplate\":\"https:\/\/www.les-sablons.com\/de\/?s={search_term_string}\"},\"query-input\":\"required name=search_term_string\"}],\"inLanguage\":\"de\"}]}<\/script>\n<!-- \/ Yoast SEO plugin. -->","yoast_head_json":{"title":"Mobil-home luxe & chalet en bord de Mer M\u00e9diterran\u00e9e | Camping familial 5 \u00e9toiles Les Sablons","robots":{"index":"index","follow":"follow","max-snippet":"max-snippet:-1","max-image-preview":"max-image-preview:large","max-video-preview":"max-video-preview:-1"},"canonical":"https:\/\/www.les-sablons.com\/de\/les-mobilhomes\/","og_locale":"de_DE","og_type":"article","og_title":"Mobil-home luxe & chalet en bord de Mer M\u00e9diterran\u00e9e | Camping familial 5 \u00e9toiles Les Sablons","og_description":"[et_pb_section fb_built=&#8220;1&#8243; fullwidth=&#8220;on&#8220; module_class=&#8220;home_top24&#8243; _builder_version=&#8220;4.9.4&#8243; _module_preset=&#8220;default&#8220; background_color=&#8220;RGBA(0,0,0,0)&#8220; background_image=&#8220;https:\/\/www.les-sablons.com\/wp-content\/uploads\/2024\/09\/les-mobilhomes-luxes-les-sablons.jpg&#8220; width_tablet=&#8220;&#8220; width_phone=&#8220;&#8220; width_last_edited=&#8220;on|phone&#8220; locked=&#8220;off&#8220;][et_pb_fullwidth_header title=&#8220;LUXUS-MOBILHEIME&#8220; subhead=&#8220;Genie\u00dfen Sie zwischen Entspannung und Flucht erstklassige Dienstleistungen und eine einzigartige Atmosph\u00e4re f\u00fcr einen ma\u00dfgeschneiderten Urlaub !&#8220; module_class=&#8220;ls_24_entete&#8220; _builder_version=&#8220;4.9.4&#8243; _module_preset=&#8220;default&#8220; background_enable_color=&#8220;off&#8220;][\/et_pb_fullwidth_header][\/et_pb_section][et_pb_section fb_built=&#8220;1&#8243; module_class=&#8220;bleu_medi24&#8243; _builder_version=&#8220;4.9.4&#8243; _module_preset=&#8220;default&#8220; background_color=&#8220;#f7f2ec&#8220; locked=&#8220;off&#8220;][et_pb_row _builder_version=&#8220;4.9.4&#8243; _module_preset=&#8220;default&#8220; max_width=&#8220;1200px&#8220;][et_pb_column type=&#8220;4_4&#8243; _builder_version=&#8220;4.9.4&#8243; _module_preset=&#8220;default&#8220;][et_pb_text disabled_on=&#8220;off|off|off&#8220; admin_label=&#8220;S\u00c9JOURS D&#8217;EXCEPTION&#8220; _builder_version=&#8220;4.9.4&#8243; _module_preset=&#8220;default&#8220; header_3_text_color=&#8220;#3796aa&#8220; text_orientation=&#8220;center&#8220; custom_padding=&#8220;||15px||false|false&#8220; border_style_all=&#8220;none&#8220; [&hellip;]","og_url":"https:\/\/www.les-sablons.com\/de\/les-mobilhomes\/","og_site_name":"Camping ***** les Sablons","article_modified_time":"2025-02-21T13:40:31+00:00","twitter_card":"summary_large_image","twitter_misc":{"Gesch\u00e4tzte Lesezeit":"2\u00a0Minuten"},"schema":{"@context":"https:\/\/schema.org","@graph":[{"@type":"WebPage","@id":"https:\/\/www.les-sablons.com\/de\/les-mobilhomes\/","url":"https:\/\/www.les-sablons.com\/de\/les-mobilhomes\/","name":"Mobil-home luxe & chalet en bord de Mer M\u00e9diterran\u00e9e | Camping familial 5 \u00e9toiles Les Sablons","isPartOf":{"@id":"https:\/\/www.les-sablons.com\/de\/#website"},"datePublished":"2024-09-23T09:17:05+00:00","dateModified":"2025-02-21T13:40:31+00:00","breadcrumb":{"@id":"https:\/\/www.les-sablons.com\/de\/les-mobilhomes\/#breadcrumb"},"inLanguage":"de","potentialAction":[{"@type":"ReadAction","target":["https:\/\/www.les-sablons.com\/de\/les-mobilhomes\/"]}]},{"@type":"BreadcrumbList","@id":"https:\/\/www.les-sablons.com\/de\/les-mobilhomes\/#breadcrumb","itemListElement":[{"@type":"ListItem","position":1,"name":"Accueil","item":"https:\/\/www.les-sablons.com\/de\/"},{"@type":"ListItem","position":2,"name":"2024 Les mobilhomes Luxes"}]},{"@type":"WebSite","@id":"https:\/\/www.les-sablons.com\/de\/#website","url":"https:\/\/www.les-sablons.com\/de\/","name":"Camping ***** les Sablons","description":"les Sablons \u00e0 Portiragnes-Plage, bord de mer M\u00e9diterran\u00e9e, proche Cap d&#039;Agde, Languedoc Roussillon","potentialAction":[{"@type":"SearchAction","target":{"@type":"EntryPoint","urlTemplate":"https:\/\/www.les-sablons.com\/de\/?s={search_term_string}"},"query-input":"required name=search_term_string"}],"inLanguage":"de"}]}},"_links":{"self":[{"href":"https:\/\/www.les-sablons.com\/de\/wp-json\/wp\/v2\/pages\/33049"}],"collection":[{"href":"https:\/\/www.les-sablons.com\/de\/wp-json\/wp\/v2\/pages"}],"about":[{"href":"https:\/\/www.les-sablons.com\/de\/wp-json\/wp\/v2\/types\/page"}],"author":[{"embeddable":true,"href":"https:\/\/www.les-sablons.com\/de\/wp-json\/wp\/v2\/users\/1"}],"replies":[{"embeddable":true,"href":"https:\/\/www.les-sablons.com\/de\/wp-json\/wp\/v2\/comments?post=33049"}],"version-history":[{"count":0,"href":"https:\/\/www.les-sablons.com\/de\/wp-json\/wp\/v2\/pages\/33049\/revisions"}],"wp:attachment":[{"href":"https:\/\/www.les-sablons.com\/de\/wp-json\/wp\/v2\/media?parent=33049"}],"curies":[{"name":"wp","href":"https:\/\/api.w.org\/{rel}","templated":true}]}}